{"id":300,"date":"2024-08-05T11:58:48","date_gmt":"2024-08-05T09:58:48","guid":{"rendered":"https:\/\/easyp.ch\/startseite\/"},"modified":"2025-03-13T12:07:18","modified_gmt":"2025-03-13T11:07:18","slug":"startseite","status":"publish","type":"page","link":"https:\/\/easyp.ch\/de\/startseite","title":{"rendered":"Parkpl\u00e4tze zum Teilen"},"content":{"rendered":"\t\t<div data-elementor-type=\"wp-page\" data-elementor-id=\"300\" class=\"elementor elementor-300 elementor-17\" data-elementor-post-type=\"page\">\n\t\t\t\t<div class=\"elementor-element elementor-element-b58c3f5 e-flex e-con-boxed e-con e-parent\" data-id=\"b58c3f5\" data-element_type=\"container\">\n\t\t\t\t\t<div class=\"e-con-inner\">\n\t\t\t\t<div class=\"elementor-element elementor-element-1b8bca6 elementor-invisible elementor-widget elementor-widget-heading\" data-id=\"1b8bca6\" data-element_type=\"widget\" data-settings=\"{&quot;_animation&quot;:&quot;fadeInUp&quot;}\" data-widget_type=\"heading.default\">\n\t\t\t\t<div class=\"elementor-widget-container\">\n\t\t\t\t\t<h1 class=\"elementor-heading-title elementor-size-default\">Parkpl\u00e4tze zum Teilen<\/h1>\t\t\t\t<\/div>\n\t\t\t\t<\/div>\n\t\t\t\t\t<\/div>\n\t\t\t\t<\/div>\n\t\t<div class=\"elementor-element elementor-element-77d214d6 e-grid e-con-boxed e-con e-child\" data-id=\"77d214d6\" data-element_type=\"container\">\n\t\t\t\t\t<div class=\"e-con-inner\">\n\t\t\t\t<div class=\"elementor-element elementor-element-594cd457 elementor-widget elementor-widget-image\" data-id=\"594cd457\" data-element_type=\"widget\" data-widget_type=\"image.default\">\n\t\t\t\t<div class=\"elementor-widget-container\">\n\t\t\t\t\t\t\t\t\t\t\t\t\t\t\t\t<a href=\"https:\/\/apps.apple.com\/app\/apple-store\/id6502842037?pt=127062703&#038;ct=Site-web-EasyP&#038;mt=8\" target=\"_blank\" rel=\"noopener\">\n\t\t\t\t\t\t\t<img decoding=\"async\" width=\"1\" height=\"1\" src=\"https:\/\/easyp.ch\/wp-content\/uploads\/2024\/08\/download-on-the-app-store-apple-logo-svgrepo-com.svg\" class=\"attachment-large size-large wp-image-825\" alt=\"\" \/>\t\t\t\t\t\t\t\t<\/a>\n\t\t\t\t\t\t\t\t\t\t\t\t\t\t\t<\/div>\n\t\t\t\t<\/div>\n\t\t\t\t<div class=\"elementor-element elementor-element-b90e102 elementor-widget elementor-widget-image\" data-id=\"b90e102\" data-element_type=\"widget\" data-widget_type=\"image.default\">\n\t\t\t\t<div class=\"elementor-widget-container\">\n\t\t\t\t\t\t\t\t\t\t\t\t\t\t\t\t<a href=\"https:\/\/play.google.com\/store\/apps\/details?id=com.easyp.parkingapp\" target=\"_blank\" rel=\"noopener\">\n\t\t\t\t\t\t\t<img decoding=\"async\" width=\"1\" height=\"1\" src=\"https:\/\/easyp.ch\/wp-content\/uploads\/2024\/08\/google-play-badge-logo-svgrepo-com-1.svg\" class=\"attachment-large size-large wp-image-822\" alt=\"\" \/>\t\t\t\t\t\t\t\t<\/a>\n\t\t\t\t\t\t\t\t\t\t\t\t\t\t\t<\/div>\n\t\t\t\t<\/div>\n\t\t\t\t\t<\/div>\n\t\t\t\t<\/div>\n\t\t<div class=\"elementor-element elementor-element-c0f4be6 e-flex e-con-boxed e-con e-parent\" data-id=\"c0f4be6\" data-element_type=\"container\">\n\t\t\t\t\t<div class=\"e-con-inner\">\n\t\t<div class=\"elementor-element elementor-element-fb30d94 e-con-full e-flex e-con e-child\" data-id=\"fb30d94\" data-element_type=\"container\">\n\t\t<div class=\"elementor-element elementor-element-450576e e-con-full e-flex elementor-invisible e-con e-child\" data-id=\"450576e\" data-element_type=\"container\" data-settings=\"{&quot;background_background&quot;:&quot;classic&quot;,&quot;animation&quot;:&quot;fadeIn&quot;,&quot;animation_delay&quot;:200}\">\n\t\t\t\t<div class=\"elementor-element elementor-element-04f78d3 elementor-widget elementor-widget-heading\" data-id=\"04f78d3\" data-element_type=\"widget\" data-widget_type=\"heading.default\">\n\t\t\t\t<div class=\"elementor-widget-container\">\n\t\t\t\t\t<h2 class=\"elementor-heading-title elementor-size-default\">Ihr Parkplatz mit einem Klick.  <\/h2>\t\t\t\t<\/div>\n\t\t\t\t<\/div>\n\t\t\t\t<div class=\"elementor-element elementor-element-216494b elementor-widget__width-initial elementor-widget elementor-widget-text-editor\" data-id=\"216494b\" data-element_type=\"widget\" data-widget_type=\"text-editor.default\">\n\t\t\t\t<div class=\"elementor-widget-container\">\n\t\t\t\t\t\t\t\t\t<p>Unsere App soll die Suche nach Parkpl\u00e4tzen \u00fcberall in der Schweiz und f\u00fcr alle Arten von Fahrzeugen erleichtern und gleichzeitig Personen, die \u00fcber Parkpl\u00e4tze verf\u00fcgen, die M\u00f6glichkeit bieten, diese zur Verf\u00fcgung zu stellen, um ein Einkommen zu generieren.<\/p>\n\t\t\t\t\t\t\t\t<\/div>\n\t\t\t\t<\/div>\n\t\t\t\t<\/div>\n\t\t\t\t<\/div>\n\t\t<div class=\"elementor-element elementor-element-b6dcf33 e-con-full e-flex e-con e-child\" data-id=\"b6dcf33\" data-element_type=\"container\">\n\t\t<div class=\"elementor-element elementor-element-1ce07b0 e-con-full e-flex elementor-invisible e-con e-child\" data-id=\"1ce07b0\" data-element_type=\"container\" data-settings=\"{&quot;background_background&quot;:&quot;classic&quot;,&quot;animation&quot;:&quot;fadeIn&quot;,&quot;animation_delay&quot;:200}\">\n\t\t\t\t<div class=\"elementor-element elementor-element-544c3d7 elementor-widget elementor-widget-heading\" data-id=\"544c3d7\" data-element_type=\"widget\" data-widget_type=\"heading.default\">\n\t\t\t\t<div class=\"elementor-widget-container\">\n\t\t\t\t\t<h2 class=\"elementor-heading-title elementor-size-default\">Haben Sie einen Platz \nzur Verf\u00fcgung?<\/h2>\t\t\t\t<\/div>\n\t\t\t\t<\/div>\n\t\t\t\t<div class=\"elementor-element elementor-element-a592cc1 elementor-widget__width-initial elementor-widget-mobile__width-inherit elementor-widget elementor-widget-text-editor\" data-id=\"a592cc1\" data-element_type=\"widget\" data-widget_type=\"text-editor.default\">\n\t\t\t\t<div class=\"elementor-widget-container\">\n\t\t\t\t\t\t\t\t\t<p>Verwandeln Sie Ihren Parkplatz in eine Einkommensquelle, wenn Sie ihn nicht nutzen! Sie k\u00f6nnen Ihren Platz stundenweise, tageweise oder monatlich teilen. Die Einrichtung der Parkpl\u00e4tze und die Verwaltung der Buchungen sind sehr einfach und erfolgen \u00fcber unsere App.  <\/p>\n\t\t\t\t\t\t\t\t<\/div>\n\t\t\t\t<\/div>\n\t\t\t\t<\/div>\n\t\t\t\t<\/div>\n\t\t<div class=\"elementor-element elementor-element-ebe4fcb e-con-full e-flex e-con e-child\" data-id=\"ebe4fcb\" data-element_type=\"container\">\n\t\t<div class=\"elementor-element elementor-element-0162b03 e-con-full e-flex elementor-invisible e-con e-child\" data-id=\"0162b03\" data-element_type=\"container\" data-settings=\"{&quot;background_background&quot;:&quot;classic&quot;,&quot;animation&quot;:&quot;fadeIn&quot;,&quot;animation_delay&quot;:200}\">\n\t\t\t\t<div class=\"elementor-element elementor-element-115a942 elementor-widget elementor-widget-heading\" data-id=\"115a942\" data-element_type=\"widget\" data-widget_type=\"heading.default\">\n\t\t\t\t<div class=\"elementor-widget-container\">\n\t\t\t\t\t<h2 class=\"elementor-heading-title elementor-size-default\">Suchen Sie einen Platz f\u00fcr Ihr Fahrzeug?<\/h2>\t\t\t\t<\/div>\n\t\t\t\t<\/div>\n\t\t\t\t<div class=\"elementor-element elementor-element-63f7e85 elementor-widget__width-initial elementor-widget elementor-widget-text-editor\" data-id=\"63f7e85\" data-element_type=\"widget\" data-widget_type=\"text-editor.default\">\n\t\t\t\t<div class=\"elementor-widget-container\">\n\t\t\t\t\t\t\t\t\t<p>Finden Sie Ihren Parkplatz in nur wenigen Sekunden. Sie k\u00f6nnen im Voraus oder in letzter Minute buchen und Ihre Buchungen ganz einfach verwalten. Zahlungen sind sicher und erfolgen direkt in der App.  <\/p>\n\t\t\t\t\t\t\t\t<\/div>\n\t\t\t\t<\/div>\n\t\t\t\t<\/div>\n\t\t\t\t<\/div>\n\t\t\t\t\t<\/div>\n\t\t\t\t<\/div>\n\t\t<div class=\"elementor-element elementor-element-746109e e-flex e-con-boxed e-con e-parent\" data-id=\"746109e\" data-element_type=\"container\">\n\t\t\t\t\t<div class=\"e-con-inner\">\n\t\t\t\t<div class=\"elementor-element elementor-element-c64da83 elementor-widget elementor-widget-heading\" data-id=\"c64da83\" data-element_type=\"widget\" data-widget_type=\"heading.default\">\n\t\t\t\t<div class=\"elementor-widget-container\">\n\t\t\t\t\t<h2 class=\"elementor-heading-title elementor-size-default\">Erw\u00e4hnungen in den Medien<\/h2>\t\t\t\t<\/div>\n\t\t\t\t<\/div>\n\t\t\t\t\t<\/div>\n\t\t\t\t<\/div>\n\t\t<div class=\"elementor-element elementor-element-aaad53f e-grid e-con-boxed e-con e-parent\" data-id=\"aaad53f\" data-element_type=\"container\">\n\t\t\t\t\t<div class=\"e-con-inner\">\n\t\t\t\t<div class=\"elementor-element elementor-element-0bd2226 elementor-widget elementor-widget-image\" data-id=\"0bd2226\" data-element_type=\"widget\" data-widget_type=\"image.default\">\n\t\t\t\t<div class=\"elementor-widget-container\">\n\t\t\t\t\t\t\t\t\t\t\t\t\t\t\t\t<a href=\"https:\/\/easyp.ch\/de\/news\">\n\t\t\t\t\t\t\t<img fetchpriority=\"high\" decoding=\"async\" width=\"324\" height=\"222\" src=\"https:\/\/easyp.ch\/wp-content\/uploads\/2024\/12\/rts-1.avif\" class=\"attachment-large size-large wp-image-988\" alt=\"logo RTS\" srcset=\"https:\/\/easyp.ch\/wp-content\/uploads\/2024\/12\/rts-1.avif 324w, https:\/\/easyp.ch\/wp-content\/uploads\/2024\/12\/rts-1-300x206.avif 300w\" sizes=\"(max-width: 324px) 100vw, 324px\" \/>\t\t\t\t\t\t\t\t<\/a>\n\t\t\t\t\t\t\t\t\t\t\t\t\t\t\t<\/div>\n\t\t\t\t<\/div>\n\t\t\t\t<div class=\"elementor-element elementor-element-e98dc14 elementor-widget elementor-widget-image\" data-id=\"e98dc14\" data-element_type=\"widget\" data-widget_type=\"image.default\">\n\t\t\t\t<div class=\"elementor-widget-container\">\n\t\t\t\t\t\t\t\t\t\t\t\t\t\t\t\t<a href=\"https:\/\/easyp.ch\/de\/news\">\n\t\t\t\t\t\t\t<img loading=\"lazy\" decoding=\"async\" width=\"1024\" height=\"228\" src=\"https:\/\/easyp.ch\/wp-content\/uploads\/2024\/12\/logo_24-heures-1024x228.avif\" class=\"attachment-large size-large wp-image-982\" alt=\"logo 24 heures\" srcset=\"https:\/\/easyp.ch\/wp-content\/uploads\/2024\/12\/logo_24-heures-1024x228.avif 1024w, https:\/\/easyp.ch\/wp-content\/uploads\/2024\/12\/logo_24-heures-300x67.avif 300w, https:\/\/easyp.ch\/wp-content\/uploads\/2024\/12\/logo_24-heures-768x171.avif 768w, https:\/\/easyp.ch\/wp-content\/uploads\/2024\/12\/logo_24-heures-1536x341.avif 1536w, https:\/\/easyp.ch\/wp-content\/uploads\/2024\/12\/logo_24-heures-2048x455.avif 2048w\" sizes=\"(max-width: 1024px) 100vw, 1024px\" \/>\t\t\t\t\t\t\t\t<\/a>\n\t\t\t\t\t\t\t\t\t\t\t\t\t\t\t<\/div>\n\t\t\t\t<\/div>\n\t\t\t\t\t<\/div>\n\t\t\t\t<\/div>\n\t\t<div class=\"elementor-element elementor-element-0d47d3e e-flex e-con-boxed e-con e-parent\" data-id=\"0d47d3e\" data-element_type=\"container\">\n\t\t\t\t\t<div class=\"e-con-inner\">\n\t\t\t\t<div class=\"elementor-element elementor-element-1c127b9 elementor-invisible elementor-widget elementor-widget-text-editor\" data-id=\"1c127b9\" data-element_type=\"widget\" data-settings=\"{&quot;_animation&quot;:&quot;fadeInUp&quot;,&quot;_animation_delay&quot;:200}\" data-widget_type=\"text-editor.default\">\n\t\t\t\t<div class=\"elementor-widget-container\">\n\t\t\t\t\t\t\t\t\t<p><span style=\"color: var( --e-global-color-968283a ); font-family: var( --e-global-typography-text-font-family ), Sans-serif; font-size: var( --e-global-typography-text-font-size ); font-weight: var( --e-global-typography-text-font-weight ); letter-spacing: var( --e-global-typography-text-letter-spacing );\">Geben Sie unten Ihre E-Mail-Adresse ein, um \u00fcber Neuigkeiten auf dem Laufenden gehalten zu werden.<\/span><\/p>\n\t\t\t\t\t\t\t\t<\/div>\n\t\t\t\t<\/div>\n\t\t\t\t<div class=\"elementor-element elementor-element-d695620 elementor-button-align-end elementor-mobile-button-align-center elementor-invisible elementor-widget elementor-widget-form\" data-id=\"d695620\" data-element_type=\"widget\" data-settings=\"{&quot;step_next_label&quot;:&quot;Weiter zu&quot;,&quot;step_previous_label&quot;:&quot;Zur\\u00fcck&quot;,&quot;_animation&quot;:&quot;fadeInUp&quot;,&quot;_animation_delay&quot;:200,&quot;step_type&quot;:&quot;number_text&quot;,&quot;step_icon_shape&quot;:&quot;circle&quot;}\" data-widget_type=\"form.default\">\n\t\t\t\t<div class=\"elementor-widget-container\">\n\t\t\t\t\t\t\t<form class=\"elementor-form\" method=\"post\" name=\"Newsletter-Formular\" aria-label=\"Newsletter-Formular\">\n\t\t\t<input type=\"hidden\" name=\"post_id\" value=\"300\"\/>\n\t\t\t<input type=\"hidden\" name=\"form_id\" value=\"d695620\"\/>\n\t\t\t<input type=\"hidden\" name=\"referer_title\" value=\"Parkpl\u00e4tze zum Teilen - EasyP\" \/>\n\n\t\t\t\t\t\t\t<input type=\"hidden\" name=\"queried_id\" value=\"300\"\/>\n\t\t\t\n\t\t\t<div class=\"elementor-form-fields-wrapper elementor-labels-\">\n\t\t\t\t\t\t\t\t<div class=\"elementor-field-type-email elementor-field-group elementor-column elementor-field-group-email elementor-col-50 elementor-field-required\">\n\t\t\t\t\t\t\t\t\t\t\t\t<label for=\"form-field-email\" class=\"elementor-field-label elementor-screen-only\">\n\t\t\t\t\t\t\t\tE-Mail\t\t\t\t\t\t\t<\/label>\n\t\t\t\t\t\t\t\t\t\t\t\t\t\t<input size=\"1\" type=\"email\" name=\"form_fields[email]\" id=\"form-field-email\" class=\"elementor-field elementor-size-sm  elementor-field-textual\" placeholder=\"Ihre E-Mail-Adresse...\" required=\"required\">\n\t\t\t\t\t\t\t\t\t\t\t<\/div>\n\t\t\t\t\t\t\t\t<div class=\"elementor-field-type-recaptcha_v3 elementor-field-group elementor-column elementor-field-group-field_e68552d elementor-col-100 recaptcha_v3-bottomright\">\n\t\t\t\t\t<div class=\"elementor-field\" id=\"form-field-field_e68552d\"><div class=\"elementor-g-recaptcha\" data-sitekey=\"6LdwHCAqAAAAAGq0G86mpNZvPy3LXc3Jg_NBNWND\" data-type=\"v3\" data-action=\"Form\" data-badge=\"bottomright\" data-size=\"invisible\"><\/div><\/div>\t\t\t\t<\/div>\n\t\t\t\t\t\t\t\t<div class=\"elementor-field-group elementor-column elementor-field-type-submit elementor-col-100 e-form__buttons\">\n\t\t\t\t\t<button class=\"elementor-button elementor-size-sm\" type=\"submit\">\n\t\t\t\t\t\t<span class=\"elementor-button-content-wrapper\">\n\t\t\t\t\t\t\t\t\t\t\t\t\t\t\t\t\t\t\t\t\t\t<span class=\"elementor-button-text\">Abonnieren<\/span>\n\t\t\t\t\t\t\t\t\t\t\t\t\t<\/span>\n\t\t\t\t\t<\/button>\n\t\t\t\t<\/div>\n\t\t\t<\/div>\n\t\t<\/form>\n\t\t\t\t\t\t<\/div>\n\t\t\t\t<\/div>\n\t\t\t\t\t<\/div>\n\t\t\t\t<\/div>\n\t\t\t\t<\/div>\n\t\t","protected":false},"excerpt":{"rendered":"<p>Finden Sie mit EasyP, der Anwendung zum Teilen von Parkpl\u00e4tzen, ganz einfach Parkpl\u00e4tze in der ganzen Schweiz. Entdecken Sie erschwingliche und flexible Parkpl\u00e4tze oder verdienen Sie Geld, indem Sie ungenutzte Pl\u00e4tze teilen. Laden Sie unsere App herunter f\u00fcr ein einfaches und effizientes Parkerlebnis! <\/p>\n","protected":false},"author":1,"featured_media":0,"parent":0,"menu_order":0,"comment_status":"closed","ping_status":"closed","template":"","meta":{"footnotes":""},"class_list":["post-300","page","type-page","status-publish","hentry"],"_links":{"self":[{"href":"https:\/\/easyp.ch\/de\/wp-json\/wp\/v2\/pages\/300","targetHints":{"allow":["GET"]}}],"collection":[{"href":"https:\/\/easyp.ch\/de\/wp-json\/wp\/v2\/pages"}],"about":[{"href":"https:\/\/easyp.ch\/de\/wp-json\/wp\/v2\/types\/page"}],"author":[{"embeddable":true,"href":"https:\/\/easyp.ch\/de\/wp-json\/wp\/v2\/users\/1"}],"replies":[{"embeddable":true,"href":"https:\/\/easyp.ch\/de\/wp-json\/wp\/v2\/comments?post=300"}],"version-history":[{"count":58,"href":"https:\/\/easyp.ch\/de\/wp-json\/wp\/v2\/pages\/300\/revisions"}],"predecessor-version":[{"id":1169,"href":"https:\/\/easyp.ch\/de\/wp-json\/wp\/v2\/pages\/300\/revisions\/1169"}],"wp:attachment":[{"href":"https:\/\/easyp.ch\/de\/wp-json\/wp\/v2\/media?parent=300"}],"curies":[{"name":"wp","href":"https:\/\/api.w.org\/{rel}","templated":true}]}}